{"id":12803,"date":"2025-06-07T13:33:22","date_gmt":"2025-06-07T11:33:22","guid":{"rendered":"https:\/\/media-beats.com\/?page_id=12803"},"modified":"2025-10-10T16:17:45","modified_gmt":"2025-10-10T14:17:45","slug":"impressum","status":"publish","type":"page","link":"https:\/\/media-beats.com\/en\/impressum\/","title":{"rendered":"Legal notice"},"content":{"rendered":"<style>.kb-row-layout-id12803_f646a7-36 > .kt-row-column-wrap{align-content:start;}:where(.kb-row-layout-id12803_f646a7-36 > .kt-row-column-wrap) > .wp-block-kadence-column{justify-content:start;}.kb-row-layout-id12803_f646a7-36 > .kt-row-column-wrap{column-gap:var(--global-kb-gap-md, 2rem);row-gap:var(--global-kb-gap-md, 2rem);padding-top:var(--global-kb-spacing-sm, 1.5rem);padding-bottom:var(--global-kb-spacing-sm, 1.5rem);grid-template-columns:minmax(0, 1fr);}.kb-row-layout-id12803_f646a7-36 > .kt-row-layout-overlay{opacity:0.30;}@media all and (max-width: 1499px){.kb-row-layout-id12803_f646a7-36 > .kt-row-column-wrap{grid-template-columns:minmax(0, 1fr);}}@media all and (max-width: 768px){.kb-row-layout-id12803_f646a7-36 > .kt-row-column-wrap{grid-template-columns:minmax(0, 1fr);}}<\/style><div class=\"kb-row-layout-wrap kb-row-layout-id12803_f646a7-36 alignnone wp-block-kadence-rowlayout\"><div class=\"kt-row-column-wrap kt-has-1-columns kt-row-layout-equal kt-tab-layout-inherit kt-mobile-layout-row kt-row-valign-top\">\n<style>.kadence-column12803_e1d313-7c > .kt-inside-inner-col,.kadence-column12803_e1d313-7c > .kt-inside-inner-col:before{border-top-left-radius:0px;border-top-right-radius:0px;border-bottom-right-radius:0px;border-bottom-left-radius:0px;}.kadence-column12803_e1d313-7c > .kt-inside-inner-col{column-gap:var(--global-kb-gap-sm, 1rem);}.kadence-column12803_e1d313-7c > .kt-inside-inner-col{flex-direction:column;}.kadence-column12803_e1d313-7c > .kt-inside-inner-col > .aligncenter{width:100%;}.kadence-column12803_e1d313-7c > .kt-inside-inner-col:before{opacity:0.3;}.kadence-column12803_e1d313-7c{position:relative;}@media all and (max-width: 1499px){.kadence-column12803_e1d313-7c > .kt-inside-inner-col{flex-direction:column;justify-content:center;}}@media all and (max-width: 768px){.kadence-column12803_e1d313-7c > .kt-inside-inner-col{flex-direction:column;justify-content:center;}}<\/style>\n<div class=\"wp-block-kadence-column kadence-column12803_e1d313-7c\"><div class=\"kt-inside-inner-col\">\n<p class=\"translation-block\"><strong>Imprint<\/strong><br>Information according to \u00a7 5 TMG:<\/p>\n\n\n\n<p><strong>Media Beats GmbH<\/strong><br>N\u00f6rdliche M\u00fcnchner Str. 9 c,<br>82031 Gr\u00fcnwald<\/p>\n\n\n\n<p>Tel.: +49 89 244 182 340<br>Email: info@media-beats.com<\/p>\n\n\n\n<p class=\"translation-block\"><strong>Managing Director:<\/strong> S. Mutlu<\/p>\n\n\n\n<p class=\"translation-block\">Registration court: Munich<br>Commercial register: HRB 251020<br>VAT ID: DE326 162 443<\/p>\n\n\n\n<p class=\"translation-block\"><strong>Disclaimer<\/strong><br>\n<br>\nAs service providers, we are responsible for our own content on these pages in accordance with \u00a7 7 para. 1 TMG under general laws. However, according to \u00a7\u00a7 8 to 10 TMG, we are not obligated as service providers to monitor transmitted or stored third-party information or to investigate circumstances indicating illegal activity. Obligations to remove or block the use of information under general laws remain unaffected. Liability in this regard is only possible from the time of knowledge of a specific infringement. Upon becoming aware of such violations, we will remove this content immediately.<\/p>\n\n\n\n<p><strong>Liability for links<\/strong><\/p>\n\n\n\n<p>Our website contains links to external third-party websites over whose content we have no influence. Therefore, we cannot accept any liability for this third-party content. The respective provider or operator of the pages is always responsible for the content of the linked pages. The linked pages were checked for possible legal violations at the time of linking. Illegal content was not recognizable at the time of linking. However, permanent monitoring of the content of the linked pages is not reasonable without concrete evidence of an infringement. If we become aware of any legal infringements, we will remove such links immediately.<\/p>\n\n\n\n<p><strong>Urheberrecht<\/strong><\/p>\n\n\n\n<p>The content and works created by the site operators on these pages are subject to German copyright law. Duplication, processing, distribution and any form of commercialization of such material beyond the scope of the copyright law shall require the prior written consent of its respective author or creator. Downloads and copies of this site are only permitted for private, non-commercial use. Insofar as the content on this site was not created by the operator, the copyrights of third parties are respected. In particular, third-party content is identified as such. Should you nevertheless become aware of a copyright infringement, please inform us accordingly. If we become aware of any infringements, we will remove such content immediately.<\/p>\n<\/div><\/div>\n\n<\/div><\/div>","protected":false},"excerpt":{"rendered":"<p>ImpressumAngaben gem\u00e4\u00df \u00a7 5 TMG: Media Beats GmbHN\u00f6rdliche M\u00fcnchner Str. 9 c,82031 Gr\u00fcnwald Tel.: +49 89 244 182 340Email: info@media-beats.com Gesch\u00e4ftsf\u00fchrer: S. Mutlu Registergericht: M\u00fcnchenHandelsregister: HRB 251020Umsatzsteuer-ID: DE326 162 443 Haftungsausschluss (Disclaimer)Als Diensteanbieter sind wir gem\u00e4\u00df \u00a7 7 Abs.1 TMG f\u00fcr eigene Inhalte auf diesen Seiten nach den allgemeinen Gesetzen verantwortlich. Nach \u00a7\u00a7 8 bis 10&#8230;<\/p>","protected":false},"author":1,"featured_media":16995,"parent":0,"menu_order":0,"comment_status":"closed","ping_status":"closed","template":"","meta":{"_acf_changed":false,"inline_featured_image":false,"_kad_blocks_custom_css":"","_kad_blocks_head_custom_js":"","_kad_blocks_body_custom_js":"","_kad_blocks_footer_custom_js":"","_kad_post_transparent":"","_kad_post_title":"","_kad_post_layout":"","_kad_post_sidebar_id":"","_kad_post_content_style":"","_kad_post_vertical_padding":"","_kad_post_feature":"","_kad_post_feature_position":"","_kad_post_header":false,"_kad_post_footer":false,"footnotes":""},"class_list":["post-12803","page","type-page","status-publish","has-post-thumbnail","hentry"],"acf":[],"yoast_head":"<!-- This site is optimized with the Yoast SEO plugin v26.2 - https:\/\/yoast.com\/wordpress\/plugins\/seo\/ -->\n<title>Impressum - Full Service Agentur M\u00fcnchen | Media Beats<\/title>\n<meta name=\"description\" content=\"Impressum - Media Beats GmbH. Wir sind Ihr Experte f\u00fcr Branding &amp; Performance. Heben Sie sich klar von Ihrer Konkurrenz ab.\" \/>\n<meta name=\"robots\" content=\"index, follow, max-snippet:-1, max-image-preview:large, max-video-preview:-1\" \/>\n<link rel=\"canonical\" href=\"https:\/\/media-beats.com\/en\/impressum\/\" \/>\n<meta property=\"og:locale\" content=\"en_GB\" \/>\n<meta property=\"og:type\" content=\"article\" \/>\n<meta property=\"og:title\" content=\"Impressum - Full Service Agentur M\u00fcnchen | Media Beats\" \/>\n<meta property=\"og:description\" content=\"Impressum - Media Beats GmbH. Wir sind Ihr Experte f\u00fcr Branding &amp; Performance. Heben Sie sich klar von Ihrer Konkurrenz ab.\" \/>\n<meta property=\"og:url\" content=\"https:\/\/media-beats.com\/en\/impressum\/\" \/>\n<meta property=\"og:site_name\" content=\"Media Beats\" \/>\n<meta property=\"article:publisher\" content=\"https:\/\/www.facebook.com\/mediabeatsagentur\" \/>\n<meta property=\"article:modified_time\" content=\"2025-10-10T14:17:45+00:00\" \/>\n<meta property=\"og:image\" content=\"https:\/\/media-beats.com\/wp-content\/uploads\/media-beats-startseite-agentur-muenchen.webp\" \/>\n\t<meta property=\"og:image:width\" content=\"1200\" \/>\n\t<meta property=\"og:image:height\" content=\"1200\" \/>\n\t<meta property=\"og:image:type\" content=\"image\/webp\" \/>\n<meta name=\"twitter:card\" content=\"summary_large_image\" \/>\n<meta name=\"twitter:site\" content=\"@BeatsGmbh\" \/>\n<meta name=\"twitter:label1\" content=\"Estimated reading time\" \/>\n\t<meta name=\"twitter:data1\" content=\"2 minutes\" \/>\n<script type=\"application\/ld+json\" class=\"yoast-schema-graph\">{\"@context\":\"https:\/\/schema.org\",\"@graph\":[{\"@type\":\"WebPage\",\"@id\":\"https:\/\/media-beats.com\/impressum\/\",\"url\":\"https:\/\/media-beats.com\/impressum\/\",\"name\":\"Impressum - Full Service Agentur M\u00fcnchen | Media Beats\",\"isPartOf\":{\"@id\":\"https:\/\/media-beats.com\/#website\"},\"primaryImageOfPage\":{\"@id\":\"https:\/\/media-beats.com\/impressum\/#primaryimage\"},\"image\":{\"@id\":\"https:\/\/media-beats.com\/impressum\/#primaryimage\"},\"thumbnailUrl\":\"https:\/\/media-beats.com\/wp-content\/uploads\/media-beats-startseite-agentur-muenchen.webp\",\"datePublished\":\"2025-06-07T11:33:22+00:00\",\"dateModified\":\"2025-10-10T14:17:45+00:00\",\"description\":\"Impressum - Media Beats GmbH. Wir sind Ihr Experte f\u00fcr Branding & Performance. Heben Sie sich klar von Ihrer Konkurrenz ab.\",\"breadcrumb\":{\"@id\":\"https:\/\/media-beats.com\/impressum\/#breadcrumb\"},\"inLanguage\":\"en-GB\",\"potentialAction\":[{\"@type\":\"ReadAction\",\"target\":[\"https:\/\/media-beats.com\/impressum\/\"]}]},{\"@type\":\"ImageObject\",\"inLanguage\":\"en-GB\",\"@id\":\"https:\/\/media-beats.com\/impressum\/#primaryimage\",\"url\":\"https:\/\/media-beats.com\/wp-content\/uploads\/media-beats-startseite-agentur-muenchen.webp\",\"contentUrl\":\"https:\/\/media-beats.com\/wp-content\/uploads\/media-beats-startseite-agentur-muenchen.webp\",\"width\":1200,\"height\":1200,\"caption\":\"Minimalistisches Logo, k\u00fcnstlerisch gestaltet mit intensivem Rot.\"},{\"@type\":\"BreadcrumbList\",\"@id\":\"https:\/\/media-beats.com\/impressum\/#breadcrumb\",\"itemListElement\":[{\"@type\":\"ListItem\",\"position\":1,\"name\":\"Startseite\",\"item\":\"https:\/\/media-beats.com\/\"},{\"@type\":\"ListItem\",\"position\":2,\"name\":\"Impressum\"}]},{\"@type\":\"WebSite\",\"@id\":\"https:\/\/media-beats.com\/#website\",\"url\":\"https:\/\/media-beats.com\/\",\"name\":\"Media Beats\",\"description\":\"\",\"publisher\":{\"@id\":\"https:\/\/media-beats.com\/#organization\"},\"potentialAction\":[{\"@type\":\"SearchAction\",\"target\":{\"@type\":\"EntryPoint\",\"urlTemplate\":\"https:\/\/media-beats.com\/?s={search_term_string}\"},\"query-input\":{\"@type\":\"PropertyValueSpecification\",\"valueRequired\":true,\"valueName\":\"search_term_string\"}}],\"inLanguage\":\"en-GB\"},{\"@type\":\"Organization\",\"@id\":\"https:\/\/media-beats.com\/#organization\",\"name\":\"Media Beats\",\"url\":\"https:\/\/media-beats.com\/\",\"logo\":{\"@type\":\"ImageObject\",\"inLanguage\":\"en-GB\",\"@id\":\"https:\/\/media-beats.com\/#\/schema\/logo\/image\/\",\"url\":\"https:\/\/media-beats.com\/wp-content\/uploads\/logo_black.svg\",\"contentUrl\":\"https:\/\/media-beats.com\/wp-content\/uploads\/logo_black.svg\",\"width\":114,\"height\":16,\"caption\":\"Media Beats\"},\"image\":{\"@id\":\"https:\/\/media-beats.com\/#\/schema\/logo\/image\/\"},\"sameAs\":[\"https:\/\/www.facebook.com\/mediabeatsagentur\",\"https:\/\/x.com\/BeatsGmbh\",\"https:\/\/www.linkedin.com\/company\/media-beats-gmbh\/about\/\",\"https:\/\/www.instagram.com\/media_beats_gmbh\/\",\"https:\/\/medium.com\/@mediabeats\",\"https:\/\/www.xing.com\/pages\/mediabeatsgmbh\"]}]}<\/script>\n<!-- \/ Yoast SEO plugin. -->","yoast_head_json":{"title":"Imprint - Full Service Agency Munich | Media Beats","description":"Imprint - Media Beats GmbH. We are your experts for branding &amp; performance. Stand out clearly from your competition.","robots":{"index":"index","follow":"follow","max-snippet":"max-snippet:-1","max-image-preview":"max-image-preview:large","max-video-preview":"max-video-preview:-1"},"canonical":"https:\/\/media-beats.com\/en\/impressum\/","og_locale":"en_GB","og_type":"article","og_title":"Impressum - Full Service Agentur M\u00fcnchen | Media Beats","og_description":"Impressum - Media Beats GmbH. Wir sind Ihr Experte f\u00fcr Branding & Performance. Heben Sie sich klar von Ihrer Konkurrenz ab.","og_url":"https:\/\/media-beats.com\/en\/impressum\/","og_site_name":"Media Beats","article_publisher":"https:\/\/www.facebook.com\/mediabeatsagentur","article_modified_time":"2025-10-10T14:17:45+00:00","og_image":[{"width":1200,"height":1200,"url":"https:\/\/media-beats.com\/wp-content\/uploads\/media-beats-startseite-agentur-muenchen.webp","type":"image\/webp"}],"twitter_card":"summary_large_image","twitter_site":"@BeatsGmbh","twitter_misc":{"Estimated reading time":"2 minutes"},"schema":{"@context":"https:\/\/schema.org","@graph":[{"@type":"WebPage","@id":"https:\/\/media-beats.com\/impressum\/","url":"https:\/\/media-beats.com\/impressum\/","name":"Imprint - Full Service Agency Munich | Media Beats","isPartOf":{"@id":"https:\/\/media-beats.com\/#website"},"primaryImageOfPage":{"@id":"https:\/\/media-beats.com\/impressum\/#primaryimage"},"image":{"@id":"https:\/\/media-beats.com\/impressum\/#primaryimage"},"thumbnailUrl":"https:\/\/media-beats.com\/wp-content\/uploads\/media-beats-startseite-agentur-muenchen.webp","datePublished":"2025-06-07T11:33:22+00:00","dateModified":"2025-10-10T14:17:45+00:00","description":"Imprint - Media Beats GmbH. We are your experts for branding &amp; performance. Stand out clearly from your competition.","breadcrumb":{"@id":"https:\/\/media-beats.com\/impressum\/#breadcrumb"},"inLanguage":"en-GB","potentialAction":[{"@type":"ReadAction","target":["https:\/\/media-beats.com\/impressum\/"]}]},{"@type":"ImageObject","inLanguage":"en-GB","@id":"https:\/\/media-beats.com\/impressum\/#primaryimage","url":"https:\/\/media-beats.com\/wp-content\/uploads\/media-beats-startseite-agentur-muenchen.webp","contentUrl":"https:\/\/media-beats.com\/wp-content\/uploads\/media-beats-startseite-agentur-muenchen.webp","width":1200,"height":1200,"caption":"Minimalistisches Logo, k\u00fcnstlerisch gestaltet mit intensivem Rot."},{"@type":"BreadcrumbList","@id":"https:\/\/media-beats.com\/impressum\/#breadcrumb","itemListElement":[{"@type":"ListItem","position":1,"name":"Startseite","item":"https:\/\/media-beats.com\/"},{"@type":"ListItem","position":2,"name":"Impressum"}]},{"@type":"WebSite","@id":"https:\/\/media-beats.com\/#website","url":"https:\/\/media-beats.com\/","name":"Media Beats","description":"","publisher":{"@id":"https:\/\/media-beats.com\/#organization"},"potentialAction":[{"@type":"SearchAction","target":{"@type":"EntryPoint","urlTemplate":"https:\/\/media-beats.com\/?s={search_term_string}"},"query-input":{"@type":"PropertyValueSpecification","valueRequired":true,"valueName":"search_term_string"}}],"inLanguage":"en-GB"},{"@type":"Organization","@id":"https:\/\/media-beats.com\/#organization","name":"Media Beats","url":"https:\/\/media-beats.com\/","logo":{"@type":"ImageObject","inLanguage":"en-GB","@id":"https:\/\/media-beats.com\/#\/schema\/logo\/image\/","url":"https:\/\/media-beats.com\/wp-content\/uploads\/logo_black.svg","contentUrl":"https:\/\/media-beats.com\/wp-content\/uploads\/logo_black.svg","width":114,"height":16,"caption":"Media Beats"},"image":{"@id":"https:\/\/media-beats.com\/#\/schema\/logo\/image\/"},"sameAs":["https:\/\/www.facebook.com\/mediabeatsagentur","https:\/\/x.com\/BeatsGmbh","https:\/\/www.linkedin.com\/company\/media-beats-gmbh\/about\/","https:\/\/www.instagram.com\/media_beats_gmbh\/","https:\/\/medium.com\/@mediabeats","https:\/\/www.xing.com\/pages\/mediabeatsgmbh"]}]}},"taxonomy_info":[],"featured_image_src_large":["https:\/\/media-beats.com\/wp-content\/uploads\/media-beats-startseite-agentur-muenchen.webp",1200,1200,false],"author_info":{"display_name":"admin_bigus","author_link":"https:\/\/media-beats.com\/en\/author\/admin_bigus\/"},"comment_info":0,"_links":{"self":[{"href":"https:\/\/media-beats.com\/en\/wp-json\/wp\/v2\/pages\/12803","targetHints":{"allow":["GET"]}}],"collection":[{"href":"https:\/\/media-beats.com\/en\/wp-json\/wp\/v2\/pages"}],"about":[{"href":"https:\/\/media-beats.com\/en\/wp-json\/wp\/v2\/types\/page"}],"author":[{"embeddable":true,"href":"https:\/\/media-beats.com\/en\/wp-json\/wp\/v2\/users\/1"}],"replies":[{"embeddable":true,"href":"https:\/\/media-beats.com\/en\/wp-json\/wp\/v2\/comments?post=12803"}],"version-history":[{"count":3,"href":"https:\/\/media-beats.com\/en\/wp-json\/wp\/v2\/pages\/12803\/revisions"}],"predecessor-version":[{"id":13920,"href":"https:\/\/media-beats.com\/en\/wp-json\/wp\/v2\/pages\/12803\/revisions\/13920"}],"wp:featuredmedia":[{"embeddable":true,"href":"https:\/\/media-beats.com\/en\/wp-json\/wp\/v2\/media\/16995"}],"wp:attachment":[{"href":"https:\/\/media-beats.com\/en\/wp-json\/wp\/v2\/media?parent=12803"}],"curies":[{"name":"wp","href":"https:\/\/api.w.org\/{rel}","templated":true}]}}