{"id":12805,"date":"2025-06-07T13:33:44","date_gmt":"2025-06-07T11:33:44","guid":{"rendered":"https:\/\/media-beats.com\/?page_id=12805"},"modified":"2025-10-10T16:18:20","modified_gmt":"2025-10-10T14:18:20","slug":"barrierefreiheitserklaerung","status":"publish","type":"page","link":"https:\/\/media-beats.com\/en\/barrierefreiheitserklaerung\/","title":{"rendered":"Accessibility declaration\u00a0"},"content":{"rendered":"<h1 class=\"wp-block-heading\">Erkl\u00e4rung zur Barrierefreiheit<\/h1>\n\n\n\n<p>Wir (Media Beats GmbH) als Websitebetreiber sind bem\u00fcht, die Website in Einklang mit den einschl\u00e4gigen Vorschriften zur Barrierefreiheit zu gestalten. F\u00fcr uns gelten folgende Rechtsvorschriften:<\/p>\n\n\n\n<p>Bayerisches Gesetz zur Gleichstellung, Integration und Teilhabe von Menschen mit Behinderung (Bayerisches Behindertengleichstellungsgesetz \u2013 BayBGG) und Bayerische Barrierefreie Informationstechnik-Verordnung (BayBITV)<\/p>\n\n\n\n<h2 class=\"wp-block-heading\">Website<\/h2>\n\n\n\n<p>Diese Erkl\u00e4rung zur Barrierefreiheit gilt f\u00fcr die Website <a href=\"https:\/\/media-beats.com\/en\/\">https:\/\/media-beats.com<\/a>.<\/p>\n\n\n\n<h2 class=\"wp-block-heading\">Feedback und Kontaktangaben<\/h2>\n\n\n\n<p>Sind Ihnen M\u00e4ngel beim barrierefreien Zugang zu Inhalten auf unserer Website aufgefallen oder haben Sie Anmerkungen sowie Fragen zum barrierefreien Zugang? <br>Melden Sie sich gerne bei uns unter:<\/p>\n\n\n\n<p>Media Beats GmbH<br>N\u00f6rdliche M\u00fcnchner Str. 9 c,<br>82031 Gr\u00fcnwald<br><br>Tel.: +49 89 244 182 340<br>Email: info@media-beats.com<\/p>\n\n\n\n<p><a href=\"https:\/\/media-beats.com\/en\/contact\/\">https:\/\/media-beats.com\/contact\/<\/a><\/p>\n\n\n\n<h2 class=\"wp-block-heading\">Stand der Vereinbarkeit mit den Anforderungen<\/h2>\n\n\n\n<p>Diese Website ist nicht vollst\u00e4ndig mit den f\u00fcr uns geltenden Vorschriften zur Barrierefreiheit vereinbar. Im Einzelnen:<\/p>\n\n\n\n<h3 class=\"wp-block-heading\">Unvereinbarkeit mit den Rechtsvorschriften zur Barrierefreiheit<\/h3>\n\n\n\n<p>Die nachstehend aufgef\u00fchrten Inhalte sind nicht mit den einschl\u00e4gigen gesetzlichen Vorschriften zur Barrierefreiheit vereinbar:<\/p>\n\n\n\n<ul class=\"wp-block-list\">\n<li>Einige Videos verf\u00fcgen derzeit noch nicht \u00fcber vollst\u00e4ndige Untertitel oder Transkriptionen.<\/li>\n\n\n\n<li>Nicht alle Bilder sind aktuell mit Alternativtexten (alt) versehen.<\/li>\n\n\n\n<li>Bei einzelnen Text-\/Hintergrundkombinationen sind die Farbkontraste ggf. nicht ausreichend.<\/li>\n\n\n\n<li>Bestimmte interaktive Elemente lassen sich noch nicht vollst\u00e4ndig mit der Tastatur bedienen.<\/li>\n<\/ul>\n\n\n\n<h3 class=\"wp-block-heading\">Unverh\u00e4ltnism\u00e4\u00dfige Belastung<\/h3>\n\n\n\n<p>Folgende Inhalte werden nicht barrierefrei zur Verf\u00fcgung gestellt, weil dies f\u00fcr uns zu einer unverh\u00e4ltnism\u00e4\u00dfigen Belastung f\u00fchren w\u00fcrde:<\/p>\n\n\n\n<p>Die Umsetzung der vollst\u00e4ndigen Barrierefreiheit in einzelnen Bereichen stellt f\u00fcr uns derzeit eine unverh\u00e4ltnism\u00e4\u00dfige Belastung im Sinne von \u00a7 12a Absatz 6 BGG dar.<br><br>Konkret betrifft dies:<\/p>\n\n\n\n<ul class=\"wp-block-list\">\n<li>Die nachtr\u00e4gliche Transkription und Untertitelung \u00e4lterer Video-Inhalte<\/li>\n\n\n\n<li>Die \u00dcberarbeitung von Bestandsbildern und Medieninhalten ohne alt-Attribute<\/li>\n\n\n\n<li>Die vollst\u00e4ndige Umstrukturierung einzelner UI-Komponenten f\u00fcr eine l\u00fcckenlose Tastaturbedienung und optimale Wahrnehmbarkeit<\/li>\n\n\n\n<li>Die Umsetzung dieser Ma\u00dfnahmen erfordert einen erheblichen technischen und personellen Aufwand. Wir arbeiten jedoch schrittweise daran, diese Barrieren zu identifizieren und soweit wie m\u00f6glich abzubauen.<\/li>\n\n\n\n<li>Bei neuen Inhalten wird Barrierefreiheit bereits von Beginn an st\u00e4rker ber\u00fccksichtigt.<\/li>\n<\/ul>\n\n\n\n<h3 class=\"wp-block-heading\">Evaluationsmethode<\/h3>\n\n\n\n<ul class=\"wp-block-list\">\n<li>automatisierten Tests, u.\u202fa. mit den Tools WAVE und Lighthouse<\/li>\n\n\n\n<li>manuellen Pr\u00fcfungen einzelner Seiten und Funktionen<\/li>\n\n\n\n<li>erg\u00e4nzender \u00dcberpr\u00fcfung durch externe Webentwickler<\/li>\n<\/ul>\n\n\n\n<h2 class=\"wp-block-heading\">Weitergehende Ma\u00dfnahmen zur Verbesserung des barrierefreien Zugangs zu unserer Website<\/h2>\n\n\n\n<p>Wir bem\u00fchen uns stets um die Verbesserung der barrierefreien Zugangsm\u00f6glichkeiten zu unserer Website. Derzeit tun wir hierzu Folgendes:<\/p>\n\n\n\n<p>Wir setzen uns aktiv daf\u00fcr ein, den barrierefreien Zugang zu unserer Website kontinuierlich zu verbessern. Zu unseren aktuellen und geplanten Ma\u00dfnahmen geh\u00f6ren:<br><br>Integration barrierefreier Anforderungen in den Entwicklungsprozess: Neue Inhalte, Funktionen und Design\u00e4nderungen werden bereits w\u00e4hrend der Planung auf Barrierefreiheit gepr\u00fcft und umgesetzt.<br><br>Verwendung barrierefreier Tools und Komponenten: Wo m\u00f6glich, setzen wir auf barrierefreie UI-Komponenten (z.\u202fB. f\u00fcr Formulare, Modale, Slider) und optimieren bestehende L\u00f6sungen entsprechend.<br><br>Laufende \u00dcberpr\u00fcfung: Die Website wird regelm\u00e4\u00dfig mit automatisierten Tests und manuellen Pr\u00fcfungen auf Barrierefreiheit kontrolliert, um neue oder unbeabsichtigte Barrieren fr\u00fchzeitig zu erkennen.<br><br>Einbindung von Feedback: Wir werten eingehende Hinweise und Nutzerfeedback gezielt aus, um daraus konkrete Verbesserungen abzuleiten.<br><br>Unser Ziel ist es, digitale Inhalte so zug\u00e4nglich wie m\u00f6glich f\u00fcr alle Nutzer:innen zu gestalten \u2013 unabh\u00e4ngig von individuellen Einschr\u00e4nkungen oder technischen Voraussetzungen.<\/p>\n\n\n\n<h2 class=\"wp-block-heading\">Durchsetzungsverfahren<\/h2>\n\n\n\n<p>Sollten Sie der Ansicht sein, dass Sie durch eine nicht ausreichende barrierefreie Gestaltung unserer Website benachteiligt sind, k\u00f6nnen Sie sich an die zust\u00e4ndige Durchsetzungsstelle wenden. Diese erreichen Sie unter:<\/p>\n\n\n\n<p>Landesamt f\u00fcr Digitalisierung, Breitband und Vermessung<br>IT-Dienstleistungszentrum des Freistaats Bayern<br>Durchsetzungs- und \u00dcberwachungsstelle f\u00fcr barrierefreie Informationstechnik<br>St.-Martin-Stra\u00dfe 47<br>81541 M\u00fcnchen<\/p>\n\n\n\n<p>E-Mail: <a href=\"mailto:bitv@bayern.de\">bitv@bayern.de<\/a><\/p>\n\n\n\n<h2 class=\"wp-block-heading\">Erstellung dieser Erkl\u00e4rung zur Barrierefreiheit<\/h2>\n\n\n\n<p>Diese Erkl\u00e4rung wurde am 23.06.2025 erstellt.<\/p>\n\n\n\n<p>Die Erkl\u00e4rung wurde zuletzt am 23.06.2025 \u00fcberpr\u00fcft.<\/p>\n\n\n<style>.wp-block-kadence-spacer.kt-block-spacer-12805_b6e0c5-9c .kt-block-spacer{height:200px;}.wp-block-kadence-spacer.kt-block-spacer-12805_b6e0c5-9c .kt-divider{border-top-width:1px;height:1px;border-top-color:#eee;width:80%;border-top-style:solid;}<\/style>\n<div class=\"wp-block-kadence-spacer aligncenter kt-block-spacer-12805_b6e0c5-9c\"><div class=\"kt-block-spacer kt-block-spacer-halign-center\"><\/div><\/div>","protected":false},"excerpt":{"rendered":"<p>Erkl\u00e4rung zur Barrierefreiheit Wir (Media Beats GmbH) als Websitebetreiber sind bem\u00fcht, die Website in Einklang mit den einschl\u00e4gigen Vorschriften zur Barrierefreiheit zu gestalten. F\u00fcr uns gelten folgende Rechtsvorschriften: Bayerisches Gesetz zur Gleichstellung, Integration und Teilhabe von Menschen mit Behinderung (Bayerisches Behindertengleichstellungsgesetz \u2013 BayBGG) und Bayerische Barrierefreie Informationstechnik-Verordnung (BayBITV) Website Diese Erkl\u00e4rung zur Barrierefreiheit gilt f\u00fcr&#8230;<\/p>","protected":false},"author":1,"featured_media":16995,"parent":0,"menu_order":0,"comment_status":"closed","ping_status":"closed","template":"","meta":{"_acf_changed":false,"inline_featured_image":false,"_kad_blocks_custom_css":"","_kad_blocks_head_custom_js":"","_kad_blocks_body_custom_js":"","_kad_blocks_footer_custom_js":"","_kad_post_transparent":"","_kad_post_title":"","_kad_post_layout":"","_kad_post_sidebar_id":"","_kad_post_content_style":"","_kad_post_vertical_padding":"","_kad_post_feature":"","_kad_post_feature_position":"","_kad_post_header":false,"_kad_post_footer":false,"footnotes":""},"class_list":["post-12805","page","type-page","status-publish","has-post-thumbnail","hentry"],"acf":[],"yoast_head":"<!-- This site is optimized with the Yoast SEO plugin v26.2 - https:\/\/yoast.com\/wordpress\/plugins\/seo\/ -->\n<title>Barrierefreiheitserkl\u00e4rung - Full Service Agentur M\u00fcnchen<\/title>\n<meta name=\"description\" content=\"Barrierefreiheitserkl\u00e4rung der Media Beats GmbH. Wir sind Ihr Experte f\u00fcr digitales Marketing. Steigern Sie Sichtbarkeit und Performance.\" \/>\n<meta name=\"robots\" content=\"index, follow, max-snippet:-1, max-image-preview:large, max-video-preview:-1\" \/>\n<link rel=\"canonical\" href=\"https:\/\/media-beats.com\/en\/barrierefreiheitserklaerung\/\" \/>\n<meta property=\"og:locale\" content=\"en_GB\" \/>\n<meta property=\"og:type\" content=\"article\" \/>\n<meta property=\"og:title\" content=\"Barrierefreiheitserkl\u00e4rung - Full Service Agentur M\u00fcnchen\" \/>\n<meta property=\"og:description\" content=\"Barrierefreiheitserkl\u00e4rung der Media Beats GmbH. Wir sind Ihr Experte f\u00fcr digitales Marketing. Steigern Sie Sichtbarkeit und Performance.\" \/>\n<meta property=\"og:url\" content=\"https:\/\/media-beats.com\/en\/barrierefreiheitserklaerung\/\" \/>\n<meta property=\"og:site_name\" content=\"Media Beats\" \/>\n<meta property=\"article:publisher\" content=\"https:\/\/www.facebook.com\/mediabeatsagentur\" \/>\n<meta property=\"article:modified_time\" content=\"2025-10-10T14:18:20+00:00\" \/>\n<meta property=\"og:image\" content=\"https:\/\/media-beats.com\/wp-content\/uploads\/media-beats-startseite-agentur-muenchen.webp\" \/>\n\t<meta property=\"og:image:width\" content=\"1200\" \/>\n\t<meta property=\"og:image:height\" content=\"1200\" \/>\n\t<meta property=\"og:image:type\" content=\"image\/webp\" \/>\n<meta name=\"twitter:card\" content=\"summary_large_image\" \/>\n<meta name=\"twitter:site\" content=\"@BeatsGmbh\" \/>\n<meta name=\"twitter:label1\" content=\"Estimated reading time\" \/>\n\t<meta name=\"twitter:data1\" content=\"4 minutes\" \/>\n<script type=\"application\/ld+json\" class=\"yoast-schema-graph\">{\"@context\":\"https:\/\/schema.org\",\"@graph\":[{\"@type\":\"WebPage\",\"@id\":\"https:\/\/media-beats.com\/barrierefreiheitserklaerung\/\",\"url\":\"https:\/\/media-beats.com\/barrierefreiheitserklaerung\/\",\"name\":\"Barrierefreiheitserkl\u00e4rung - Full Service Agentur M\u00fcnchen\",\"isPartOf\":{\"@id\":\"https:\/\/media-beats.com\/#website\"},\"primaryImageOfPage\":{\"@id\":\"https:\/\/media-beats.com\/barrierefreiheitserklaerung\/#primaryimage\"},\"image\":{\"@id\":\"https:\/\/media-beats.com\/barrierefreiheitserklaerung\/#primaryimage\"},\"thumbnailUrl\":\"https:\/\/media-beats.com\/wp-content\/uploads\/media-beats-startseite-agentur-muenchen.webp\",\"datePublished\":\"2025-06-07T11:33:44+00:00\",\"dateModified\":\"2025-10-10T14:18:20+00:00\",\"description\":\"Barrierefreiheitserkl\u00e4rung der Media Beats GmbH. Wir sind Ihr Experte f\u00fcr digitales Marketing. Steigern Sie Sichtbarkeit und Performance.\",\"breadcrumb\":{\"@id\":\"https:\/\/media-beats.com\/barrierefreiheitserklaerung\/#breadcrumb\"},\"inLanguage\":\"en-GB\",\"potentialAction\":[{\"@type\":\"ReadAction\",\"target\":[\"https:\/\/media-beats.com\/barrierefreiheitserklaerung\/\"]}]},{\"@type\":\"ImageObject\",\"inLanguage\":\"en-GB\",\"@id\":\"https:\/\/media-beats.com\/barrierefreiheitserklaerung\/#primaryimage\",\"url\":\"https:\/\/media-beats.com\/wp-content\/uploads\/media-beats-startseite-agentur-muenchen.webp\",\"contentUrl\":\"https:\/\/media-beats.com\/wp-content\/uploads\/media-beats-startseite-agentur-muenchen.webp\",\"width\":1200,\"height\":1200,\"caption\":\"Minimalistisches Logo, k\u00fcnstlerisch gestaltet mit intensivem Rot.\"},{\"@type\":\"BreadcrumbList\",\"@id\":\"https:\/\/media-beats.com\/barrierefreiheitserklaerung\/#breadcrumb\",\"itemListElement\":[{\"@type\":\"ListItem\",\"position\":1,\"name\":\"Startseite\",\"item\":\"https:\/\/media-beats.com\/\"},{\"@type\":\"ListItem\",\"position\":2,\"name\":\"Barrierefreiheitserkl\u00e4rung\u00a0\"}]},{\"@type\":\"WebSite\",\"@id\":\"https:\/\/media-beats.com\/#website\",\"url\":\"https:\/\/media-beats.com\/\",\"name\":\"Media Beats\",\"description\":\"\",\"publisher\":{\"@id\":\"https:\/\/media-beats.com\/#organization\"},\"potentialAction\":[{\"@type\":\"SearchAction\",\"target\":{\"@type\":\"EntryPoint\",\"urlTemplate\":\"https:\/\/media-beats.com\/?s={search_term_string}\"},\"query-input\":{\"@type\":\"PropertyValueSpecification\",\"valueRequired\":true,\"valueName\":\"search_term_string\"}}],\"inLanguage\":\"en-GB\"},{\"@type\":\"Organization\",\"@id\":\"https:\/\/media-beats.com\/#organization\",\"name\":\"Media Beats\",\"url\":\"https:\/\/media-beats.com\/\",\"logo\":{\"@type\":\"ImageObject\",\"inLanguage\":\"en-GB\",\"@id\":\"https:\/\/media-beats.com\/#\/schema\/logo\/image\/\",\"url\":\"https:\/\/media-beats.com\/wp-content\/uploads\/logo_black.svg\",\"contentUrl\":\"https:\/\/media-beats.com\/wp-content\/uploads\/logo_black.svg\",\"width\":114,\"height\":16,\"caption\":\"Media Beats\"},\"image\":{\"@id\":\"https:\/\/media-beats.com\/#\/schema\/logo\/image\/\"},\"sameAs\":[\"https:\/\/www.facebook.com\/mediabeatsagentur\",\"https:\/\/x.com\/BeatsGmbh\",\"https:\/\/www.linkedin.com\/company\/media-beats-gmbh\/about\/\",\"https:\/\/www.instagram.com\/media_beats_gmbh\/\",\"https:\/\/medium.com\/@mediabeats\",\"https:\/\/www.xing.com\/pages\/mediabeatsgmbh\"]}]}<\/script>\n<!-- \/ Yoast SEO plugin. -->","yoast_head_json":{"title":"Barrierefreiheitserkl\u00e4rung - Full Service Agentur M\u00fcnchen","description":"Barrierefreiheitserkl\u00e4rung der Media Beats GmbH. Wir sind Ihr Experte f\u00fcr digitales Marketing. Steigern Sie Sichtbarkeit und Performance.","robots":{"index":"index","follow":"follow","max-snippet":"max-snippet:-1","max-image-preview":"max-image-preview:large","max-video-preview":"max-video-preview:-1"},"canonical":"https:\/\/media-beats.com\/en\/barrierefreiheitserklaerung\/","og_locale":"en_GB","og_type":"article","og_title":"Barrierefreiheitserkl\u00e4rung - Full Service Agentur M\u00fcnchen","og_description":"Barrierefreiheitserkl\u00e4rung der Media Beats GmbH. Wir sind Ihr Experte f\u00fcr digitales Marketing. Steigern Sie Sichtbarkeit und Performance.","og_url":"https:\/\/media-beats.com\/en\/barrierefreiheitserklaerung\/","og_site_name":"Media Beats","article_publisher":"https:\/\/www.facebook.com\/mediabeatsagentur","article_modified_time":"2025-10-10T14:18:20+00:00","og_image":[{"width":1200,"height":1200,"url":"https:\/\/media-beats.com\/wp-content\/uploads\/media-beats-startseite-agentur-muenchen.webp","type":"image\/webp"}],"twitter_card":"summary_large_image","twitter_site":"@BeatsGmbh","twitter_misc":{"Estimated reading time":"4 minutes"},"schema":{"@context":"https:\/\/schema.org","@graph":[{"@type":"WebPage","@id":"https:\/\/media-beats.com\/barrierefreiheitserklaerung\/","url":"https:\/\/media-beats.com\/barrierefreiheitserklaerung\/","name":"Barrierefreiheitserkl\u00e4rung - Full Service Agentur M\u00fcnchen","isPartOf":{"@id":"https:\/\/media-beats.com\/#website"},"primaryImageOfPage":{"@id":"https:\/\/media-beats.com\/barrierefreiheitserklaerung\/#primaryimage"},"image":{"@id":"https:\/\/media-beats.com\/barrierefreiheitserklaerung\/#primaryimage"},"thumbnailUrl":"https:\/\/media-beats.com\/wp-content\/uploads\/media-beats-startseite-agentur-muenchen.webp","datePublished":"2025-06-07T11:33:44+00:00","dateModified":"2025-10-10T14:18:20+00:00","description":"Barrierefreiheitserkl\u00e4rung der Media Beats GmbH. Wir sind Ihr Experte f\u00fcr digitales Marketing. Steigern Sie Sichtbarkeit und Performance.","breadcrumb":{"@id":"https:\/\/media-beats.com\/barrierefreiheitserklaerung\/#breadcrumb"},"inLanguage":"en-GB","potentialAction":[{"@type":"ReadAction","target":["https:\/\/media-beats.com\/barrierefreiheitserklaerung\/"]}]},{"@type":"ImageObject","inLanguage":"en-GB","@id":"https:\/\/media-beats.com\/barrierefreiheitserklaerung\/#primaryimage","url":"https:\/\/media-beats.com\/wp-content\/uploads\/media-beats-startseite-agentur-muenchen.webp","contentUrl":"https:\/\/media-beats.com\/wp-content\/uploads\/media-beats-startseite-agentur-muenchen.webp","width":1200,"height":1200,"caption":"Minimalistisches Logo, k\u00fcnstlerisch gestaltet mit intensivem Rot."},{"@type":"BreadcrumbList","@id":"https:\/\/media-beats.com\/barrierefreiheitserklaerung\/#breadcrumb","itemListElement":[{"@type":"ListItem","position":1,"name":"Startseite","item":"https:\/\/media-beats.com\/"},{"@type":"ListItem","position":2,"name":"Barrierefreiheitserkl\u00e4rung\u00a0"}]},{"@type":"WebSite","@id":"https:\/\/media-beats.com\/#website","url":"https:\/\/media-beats.com\/","name":"Media Beats","description":"","publisher":{"@id":"https:\/\/media-beats.com\/#organization"},"potentialAction":[{"@type":"SearchAction","target":{"@type":"EntryPoint","urlTemplate":"https:\/\/media-beats.com\/?s={search_term_string}"},"query-input":{"@type":"PropertyValueSpecification","valueRequired":true,"valueName":"search_term_string"}}],"inLanguage":"en-GB"},{"@type":"Organization","@id":"https:\/\/media-beats.com\/#organization","name":"Media Beats","url":"https:\/\/media-beats.com\/","logo":{"@type":"ImageObject","inLanguage":"en-GB","@id":"https:\/\/media-beats.com\/#\/schema\/logo\/image\/","url":"https:\/\/media-beats.com\/wp-content\/uploads\/logo_black.svg","contentUrl":"https:\/\/media-beats.com\/wp-content\/uploads\/logo_black.svg","width":114,"height":16,"caption":"Media Beats"},"image":{"@id":"https:\/\/media-beats.com\/#\/schema\/logo\/image\/"},"sameAs":["https:\/\/www.facebook.com\/mediabeatsagentur","https:\/\/x.com\/BeatsGmbh","https:\/\/www.linkedin.com\/company\/media-beats-gmbh\/about\/","https:\/\/www.instagram.com\/media_beats_gmbh\/","https:\/\/medium.com\/@mediabeats","https:\/\/www.xing.com\/pages\/mediabeatsgmbh"]}]}},"taxonomy_info":[],"featured_image_src_large":["https:\/\/media-beats.com\/wp-content\/uploads\/media-beats-startseite-agentur-muenchen.webp",1200,1200,false],"author_info":{"display_name":"admin_bigus","author_link":"https:\/\/media-beats.com\/en\/author\/admin_bigus\/"},"comment_info":0,"_links":{"self":[{"href":"https:\/\/media-beats.com\/en\/wp-json\/wp\/v2\/pages\/12805","targetHints":{"allow":["GET"]}}],"collection":[{"href":"https:\/\/media-beats.com\/en\/wp-json\/wp\/v2\/pages"}],"about":[{"href":"https:\/\/media-beats.com\/en\/wp-json\/wp\/v2\/types\/page"}],"author":[{"embeddable":true,"href":"https:\/\/media-beats.com\/en\/wp-json\/wp\/v2\/users\/1"}],"replies":[{"embeddable":true,"href":"https:\/\/media-beats.com\/en\/wp-json\/wp\/v2\/comments?post=12805"}],"version-history":[{"count":7,"href":"https:\/\/media-beats.com\/en\/wp-json\/wp\/v2\/pages\/12805\/revisions"}],"predecessor-version":[{"id":13484,"href":"https:\/\/media-beats.com\/en\/wp-json\/wp\/v2\/pages\/12805\/revisions\/13484"}],"wp:featuredmedia":[{"embeddable":true,"href":"https:\/\/media-beats.com\/en\/wp-json\/wp\/v2\/media\/16995"}],"wp:attachment":[{"href":"https:\/\/media-beats.com\/en\/wp-json\/wp\/v2\/media?parent=12805"}],"curies":[{"name":"wp","href":"https:\/\/api.w.org\/{rel}","templated":true}]}}